{"id":4007,"date":"2020-05-29T09:26:00","date_gmt":"2020-05-29T09:26:00","guid":{"rendered":"https:\/\/www.promarca.ch\/bildrechte\/"},"modified":"2024-08-06T13:01:39","modified_gmt":"2024-08-06T13:01:39","slug":"bildrechte","status":"publish","type":"page","link":"https:\/\/www.promarca.ch\/fr\/bildrechte\/","title":{"rendered":"Bildrechte"},"content":{"rendered":"<div id=\"pl-4007\"  class=\"panel-layout\" ><div id=\"pg-4007-0\"  class=\"panel-grid panel-has-style\" ><div class=\"text-block panel-row-style panel-row-style-for-4007-0\" ><div id=\"pgc-4007-0-0\"  class=\"panel-grid-cell panel-grid-cell-mobile-last\" ><div class=\"left panel-cell-style panel-cell-style-for-4007-0-0\" ><div id=\"panel-4007-0-0-0\" class=\"so-panel widget widget_sow-editor panel-first-child panel-last-child\" data-index=\"0\" ><div\n\t\t\t\n\t\t\tclass=\"so-widget-sow-editor so-widget-sow-editor-base\"\n\t\t\t\n\t\t>\n<div class=\"siteorigin-widget-tinymce textwidget\">\n\t<h2>Droits d'image<\/h2>\n<div><\/div>\n<div>J\u2019accepte que des vid\u00e9os et photos que l\u2019on aurait prises de moi dans le cadre de ma participation \u00e0 la manifestation de Promarca soient r\u00e9utilis\u00e9es \u00e0 des fins de publication online et offline, sans restriction de lieu ni de temps, et renonce \u00e0 toute contestation concernant l\u2019utilisation de ces images. J\u2019accepte \u00e9galement que mon nom soit mentionn\u00e9 sur la liste des participants \u00e0 la manifestation.<\/div>\n<\/div>\n<\/div><\/div><\/div><\/div><div id=\"pgc-4007-0-1\"  class=\"panel-grid-cell panel-grid-cell-empty\" ><div class=\"right panel-cell-style panel-cell-style-for-4007-0-1\" ><\/div><\/div><\/div><\/div><\/div>","protected":false},"excerpt":{"rendered":"<p>Droits d&rsquo;image J\u2019accepte que des vid\u00e9os et photos que l\u2019on aurait prises de moi dans le cadre de ma participation \u00e0 la manifestation de Promarca soient r\u00e9utilis\u00e9es \u00e0 des fins de publication online et offline, sans restriction de lieu ni de temps, et renonce \u00e0 toute contestation concernant l\u2019utilisation de ces images. J\u2019accepte \u00e9galement que [&hellip;]<\/p>\n","protected":false},"author":1,"featured_media":0,"parent":0,"menu_order":0,"comment_status":"closed","ping_status":"closed","template":"","meta":{"_monsterinsights_skip_tracking":false,"_monsterinsights_sitenote_active":false,"_monsterinsights_sitenote_note":"","_monsterinsights_sitenote_category":0,"footnotes":""},"class_list":["post-4007","page","type-page","status-publish","hentry"],"yoast_head":"<!-- This site is optimized with the Yoast SEO plugin v27.3 - https:\/\/yoast.com\/product\/yoast-seo-wordpress\/ -->\n<title>Bildrechte - Promarca<\/title>\n<meta name=\"robots\" content=\"index, follow, max-snippet:-1, max-image-preview:large, max-video-preview:-1\" \/>\n<link rel=\"canonical\" href=\"https:\/\/www.promarca.ch\/fr\/bildrechte\/\" \/>\n<meta property=\"og:locale\" content=\"fr_FR\" \/>\n<meta property=\"og:type\" content=\"article\" \/>\n<meta property=\"og:title\" content=\"Bildrechte - Promarca\" \/>\n<meta property=\"og:description\" content=\"Droits d&#039;image J\u2019accepte que des vid\u00e9os et photos que l\u2019on aurait prises de moi dans le cadre de ma participation \u00e0 la manifestation de Promarca soient r\u00e9utilis\u00e9es \u00e0 des fins de publication online et offline, sans restriction de lieu ni de temps, et renonce \u00e0 toute contestation concernant l\u2019utilisation de ces images. J\u2019accepte \u00e9galement que [&hellip;]\" \/>\n<meta property=\"og:url\" content=\"https:\/\/www.promarca.ch\/fr\/bildrechte\/\" \/>\n<meta property=\"og:site_name\" content=\"Promarca\" \/>\n<meta property=\"article:modified_time\" content=\"2024-08-06T13:01:39+00:00\" \/>\n<meta name=\"twitter:card\" content=\"summary_large_image\" \/>\n<meta name=\"twitter:label1\" content=\"Dur\u00e9e de lecture estim\u00e9e\" \/>\n\t<meta name=\"twitter:data1\" content=\"1 minute\" \/>\n<script type=\"application\/ld+json\" class=\"yoast-schema-graph\">{\"@context\":\"https:\\\/\\\/schema.org\",\"@graph\":[{\"@type\":\"WebPage\",\"@id\":\"https:\\\/\\\/www.promarca.ch\\\/fr\\\/bildrechte\\\/\",\"url\":\"https:\\\/\\\/www.promarca.ch\\\/fr\\\/bildrechte\\\/\",\"name\":\"Bildrechte - Promarca\",\"isPartOf\":{\"@id\":\"https:\\\/\\\/www.promarca.ch\\\/fr\\\/#website\"},\"datePublished\":\"2020-05-29T09:26:00+00:00\",\"dateModified\":\"2024-08-06T13:01:39+00:00\",\"breadcrumb\":{\"@id\":\"https:\\\/\\\/www.promarca.ch\\\/fr\\\/bildrechte\\\/#breadcrumb\"},\"inLanguage\":\"fr-FR\",\"potentialAction\":[{\"@type\":\"ReadAction\",\"target\":[\"https:\\\/\\\/www.promarca.ch\\\/fr\\\/bildrechte\\\/\"]}]},{\"@type\":\"BreadcrumbList\",\"@id\":\"https:\\\/\\\/www.promarca.ch\\\/fr\\\/bildrechte\\\/#breadcrumb\",\"itemListElement\":[{\"@type\":\"ListItem\",\"position\":1,\"name\":\"Home\",\"item\":\"https:\\\/\\\/www.promarca.ch\\\/fr\\\/\"},{\"@type\":\"ListItem\",\"position\":2,\"name\":\"Bildrechte\"}]},{\"@type\":\"WebSite\",\"@id\":\"https:\\\/\\\/www.promarca.ch\\\/fr\\\/#website\",\"url\":\"https:\\\/\\\/www.promarca.ch\\\/fr\\\/\",\"name\":\"Promarca\",\"description\":\"Schweizerischer Markenartikelverband\",\"potentialAction\":[{\"@type\":\"SearchAction\",\"target\":{\"@type\":\"EntryPoint\",\"urlTemplate\":\"https:\\\/\\\/www.promarca.ch\\\/fr\\\/?s={search_term_string}\"},\"query-input\":{\"@type\":\"PropertyValueSpecification\",\"valueRequired\":true,\"valueName\":\"search_term_string\"}}],\"inLanguage\":\"fr-FR\"}]}<\/script>\n<!-- \/ Yoast SEO plugin. -->","yoast_head_json":{"title":"Bildrechte - Promarca","robots":{"index":"index","follow":"follow","max-snippet":"max-snippet:-1","max-image-preview":"max-image-preview:large","max-video-preview":"max-video-preview:-1"},"canonical":"https:\/\/www.promarca.ch\/fr\/bildrechte\/","og_locale":"fr_FR","og_type":"article","og_title":"Bildrechte - Promarca","og_description":"Droits d'image J\u2019accepte que des vid\u00e9os et photos que l\u2019on aurait prises de moi dans le cadre de ma participation \u00e0 la manifestation de Promarca soient r\u00e9utilis\u00e9es \u00e0 des fins de publication online et offline, sans restriction de lieu ni de temps, et renonce \u00e0 toute contestation concernant l\u2019utilisation de ces images. J\u2019accepte \u00e9galement que [&hellip;]","og_url":"https:\/\/www.promarca.ch\/fr\/bildrechte\/","og_site_name":"Promarca","article_modified_time":"2024-08-06T13:01:39+00:00","twitter_card":"summary_large_image","twitter_misc":{"Dur\u00e9e de lecture estim\u00e9e":"1 minute"},"schema":{"@context":"https:\/\/schema.org","@graph":[{"@type":"WebPage","@id":"https:\/\/www.promarca.ch\/fr\/bildrechte\/","url":"https:\/\/www.promarca.ch\/fr\/bildrechte\/","name":"Bildrechte - Promarca","isPartOf":{"@id":"https:\/\/www.promarca.ch\/fr\/#website"},"datePublished":"2020-05-29T09:26:00+00:00","dateModified":"2024-08-06T13:01:39+00:00","breadcrumb":{"@id":"https:\/\/www.promarca.ch\/fr\/bildrechte\/#breadcrumb"},"inLanguage":"fr-FR","potentialAction":[{"@type":"ReadAction","target":["https:\/\/www.promarca.ch\/fr\/bildrechte\/"]}]},{"@type":"BreadcrumbList","@id":"https:\/\/www.promarca.ch\/fr\/bildrechte\/#breadcrumb","itemListElement":[{"@type":"ListItem","position":1,"name":"Home","item":"https:\/\/www.promarca.ch\/fr\/"},{"@type":"ListItem","position":2,"name":"Bildrechte"}]},{"@type":"WebSite","@id":"https:\/\/www.promarca.ch\/fr\/#website","url":"https:\/\/www.promarca.ch\/fr\/","name":"Promarca","description":"Schweizerischer Markenartikelverband","potentialAction":[{"@type":"SearchAction","target":{"@type":"EntryPoint","urlTemplate":"https:\/\/www.promarca.ch\/fr\/?s={search_term_string}"},"query-input":{"@type":"PropertyValueSpecification","valueRequired":true,"valueName":"search_term_string"}}],"inLanguage":"fr-FR"}]}},"_links":{"self":[{"href":"https:\/\/www.promarca.ch\/fr\/wp-json\/wp\/v2\/pages\/4007","targetHints":{"allow":["GET"]}}],"collection":[{"href":"https:\/\/www.promarca.ch\/fr\/wp-json\/wp\/v2\/pages"}],"about":[{"href":"https:\/\/www.promarca.ch\/fr\/wp-json\/wp\/v2\/types\/page"}],"author":[{"embeddable":true,"href":"https:\/\/www.promarca.ch\/fr\/wp-json\/wp\/v2\/users\/1"}],"replies":[{"embeddable":true,"href":"https:\/\/www.promarca.ch\/fr\/wp-json\/wp\/v2\/comments?post=4007"}],"version-history":[{"count":1,"href":"https:\/\/www.promarca.ch\/fr\/wp-json\/wp\/v2\/pages\/4007\/revisions"}],"predecessor-version":[{"id":16685,"href":"https:\/\/www.promarca.ch\/fr\/wp-json\/wp\/v2\/pages\/4007\/revisions\/16685"}],"wp:attachment":[{"href":"https:\/\/www.promarca.ch\/fr\/wp-json\/wp\/v2\/media?parent=4007"}],"curies":[{"name":"wp","href":"https:\/\/api.w.org\/{rel}","templated":true}]}}