{"id":4008,"date":"2020-05-29T09:25:30","date_gmt":"2020-05-29T09:25:30","guid":{"rendered":"https:\/\/www.promarca.ch\/agb\/"},"modified":"2022-04-21T09:34:15","modified_gmt":"2022-04-21T09:34:15","slug":"agb","status":"publish","type":"page","link":"https:\/\/www.promarca.ch\/fr\/agb\/","title":{"rendered":"AGB"},"content":{"rendered":"<div id=\"pl-4008\"  class=\"panel-layout\" ><div id=\"pg-4008-0\"  class=\"panel-grid panel-has-style\" ><div class=\"text-block panel-row-style panel-row-style-for-4008-0\" ><div id=\"pgc-4008-0-0\"  class=\"panel-grid-cell panel-grid-cell-mobile-last\" ><div class=\"left panel-cell-style panel-cell-style-for-4008-0-0\" ><div id=\"panel-4008-0-0-0\" class=\"so-panel widget widget_sow-editor panel-first-child panel-last-child\" data-index=\"0\" ><div\n\t\t\t\n\t\t\tclass=\"so-widget-sow-editor so-widget-sow-editor-base\"\n\t\t\t\n\t\t>\n<div class=\"siteorigin-widget-tinymce textwidget\">\n\t<h2>AGB<\/h2>\n<div>Frais de participation pour les non-membres de Promarca CHF 380.\u2013 par personne (hors TVA). Les frais incluent l'ensemble du programme, ainsi que les repas. La facture vous sera adress\u00e9e avant la manifestation. Les frais de participation ne peuvent \u00eatre rembours\u00e9s, mais nous acceptons avec plaisir des personnes qui vous remplaceraient. Veuillez nous indiquer le cas \u00e9ch\u00e9ant le nom de la personne qui vous remplace.<\/div>\n<\/div>\n<\/div><\/div><\/div><\/div><div id=\"pgc-4008-0-1\"  class=\"panel-grid-cell panel-grid-cell-empty\" ><div class=\"right panel-cell-style panel-cell-style-for-4008-0-1\" ><\/div><\/div><\/div><\/div><\/div>","protected":false},"excerpt":{"rendered":"<p>AGB Frais de participation pour les non-membres de Promarca CHF 380.\u2013 par personne (hors TVA). Les frais incluent l&rsquo;ensemble du programme, ainsi que les repas. La facture vous sera adress\u00e9e avant la manifestation. Les frais de participation ne peuvent \u00eatre rembours\u00e9s, mais nous acceptons avec plaisir des personnes qui vous remplaceraient. Veuillez nous indiquer le [&hellip;]<\/p>\n","protected":false},"author":1,"featured_media":0,"parent":0,"menu_order":0,"comment_status":"closed","ping_status":"closed","template":"","meta":{"_monsterinsights_skip_tracking":false,"_monsterinsights_sitenote_active":false,"_monsterinsights_sitenote_note":"","_monsterinsights_sitenote_category":0,"footnotes":""},"class_list":["post-4008","page","type-page","status-publish","hentry"],"yoast_head":"<!-- This site is optimized with the Yoast SEO plugin v27.3 - https:\/\/yoast.com\/product\/yoast-seo-wordpress\/ -->\n<title>AGB - Promarca<\/title>\n<meta name=\"robots\" content=\"index, follow, max-snippet:-1, max-image-preview:large, max-video-preview:-1\" \/>\n<link rel=\"canonical\" href=\"https:\/\/www.promarca.ch\/fr\/agb\/\" \/>\n<meta property=\"og:locale\" content=\"fr_FR\" \/>\n<meta property=\"og:type\" content=\"article\" \/>\n<meta property=\"og:title\" content=\"AGB - Promarca\" \/>\n<meta property=\"og:description\" content=\"AGB Frais de participation pour les non-membres de Promarca CHF 380.\u2013 par personne (hors TVA). Les frais incluent l&#039;ensemble du programme, ainsi que les repas. La facture vous sera adress\u00e9e avant la manifestation. Les frais de participation ne peuvent \u00eatre rembours\u00e9s, mais nous acceptons avec plaisir des personnes qui vous remplaceraient. Veuillez nous indiquer le [&hellip;]\" \/>\n<meta property=\"og:url\" content=\"https:\/\/www.promarca.ch\/fr\/agb\/\" \/>\n<meta property=\"og:site_name\" content=\"Promarca\" \/>\n<meta property=\"article:modified_time\" content=\"2022-04-21T09:34:15+00:00\" \/>\n<meta name=\"twitter:card\" content=\"summary_large_image\" \/>\n<script type=\"application\/ld+json\" class=\"yoast-schema-graph\">{\"@context\":\"https:\\\/\\\/schema.org\",\"@graph\":[{\"@type\":\"WebPage\",\"@id\":\"https:\\\/\\\/www.promarca.ch\\\/fr\\\/agb\\\/\",\"url\":\"https:\\\/\\\/www.promarca.ch\\\/fr\\\/agb\\\/\",\"name\":\"AGB - Promarca\",\"isPartOf\":{\"@id\":\"https:\\\/\\\/www.promarca.ch\\\/fr\\\/#website\"},\"datePublished\":\"2020-05-29T09:25:30+00:00\",\"dateModified\":\"2022-04-21T09:34:15+00:00\",\"breadcrumb\":{\"@id\":\"https:\\\/\\\/www.promarca.ch\\\/fr\\\/agb\\\/#breadcrumb\"},\"inLanguage\":\"fr-FR\",\"potentialAction\":[{\"@type\":\"ReadAction\",\"target\":[\"https:\\\/\\\/www.promarca.ch\\\/fr\\\/agb\\\/\"]}]},{\"@type\":\"BreadcrumbList\",\"@id\":\"https:\\\/\\\/www.promarca.ch\\\/fr\\\/agb\\\/#breadcrumb\",\"itemListElement\":[{\"@type\":\"ListItem\",\"position\":1,\"name\":\"Home\",\"item\":\"https:\\\/\\\/www.promarca.ch\\\/fr\\\/\"},{\"@type\":\"ListItem\",\"position\":2,\"name\":\"AGB\"}]},{\"@type\":\"WebSite\",\"@id\":\"https:\\\/\\\/www.promarca.ch\\\/fr\\\/#website\",\"url\":\"https:\\\/\\\/www.promarca.ch\\\/fr\\\/\",\"name\":\"Promarca\",\"description\":\"Schweizerischer Markenartikelverband\",\"potentialAction\":[{\"@type\":\"SearchAction\",\"target\":{\"@type\":\"EntryPoint\",\"urlTemplate\":\"https:\\\/\\\/www.promarca.ch\\\/fr\\\/?s={search_term_string}\"},\"query-input\":{\"@type\":\"PropertyValueSpecification\",\"valueRequired\":true,\"valueName\":\"search_term_string\"}}],\"inLanguage\":\"fr-FR\"}]}<\/script>\n<!-- \/ Yoast SEO plugin. -->","yoast_head_json":{"title":"AGB - Promarca","robots":{"index":"index","follow":"follow","max-snippet":"max-snippet:-1","max-image-preview":"max-image-preview:large","max-video-preview":"max-video-preview:-1"},"canonical":"https:\/\/www.promarca.ch\/fr\/agb\/","og_locale":"fr_FR","og_type":"article","og_title":"AGB - Promarca","og_description":"AGB Frais de participation pour les non-membres de Promarca CHF 380.\u2013 par personne (hors TVA). Les frais incluent l'ensemble du programme, ainsi que les repas. La facture vous sera adress\u00e9e avant la manifestation. Les frais de participation ne peuvent \u00eatre rembours\u00e9s, mais nous acceptons avec plaisir des personnes qui vous remplaceraient. Veuillez nous indiquer le [&hellip;]","og_url":"https:\/\/www.promarca.ch\/fr\/agb\/","og_site_name":"Promarca","article_modified_time":"2022-04-21T09:34:15+00:00","twitter_card":"summary_large_image","schema":{"@context":"https:\/\/schema.org","@graph":[{"@type":"WebPage","@id":"https:\/\/www.promarca.ch\/fr\/agb\/","url":"https:\/\/www.promarca.ch\/fr\/agb\/","name":"AGB - Promarca","isPartOf":{"@id":"https:\/\/www.promarca.ch\/fr\/#website"},"datePublished":"2020-05-29T09:25:30+00:00","dateModified":"2022-04-21T09:34:15+00:00","breadcrumb":{"@id":"https:\/\/www.promarca.ch\/fr\/agb\/#breadcrumb"},"inLanguage":"fr-FR","potentialAction":[{"@type":"ReadAction","target":["https:\/\/www.promarca.ch\/fr\/agb\/"]}]},{"@type":"BreadcrumbList","@id":"https:\/\/www.promarca.ch\/fr\/agb\/#breadcrumb","itemListElement":[{"@type":"ListItem","position":1,"name":"Home","item":"https:\/\/www.promarca.ch\/fr\/"},{"@type":"ListItem","position":2,"name":"AGB"}]},{"@type":"WebSite","@id":"https:\/\/www.promarca.ch\/fr\/#website","url":"https:\/\/www.promarca.ch\/fr\/","name":"Promarca","description":"Schweizerischer Markenartikelverband","potentialAction":[{"@type":"SearchAction","target":{"@type":"EntryPoint","urlTemplate":"https:\/\/www.promarca.ch\/fr\/?s={search_term_string}"},"query-input":{"@type":"PropertyValueSpecification","valueRequired":true,"valueName":"search_term_string"}}],"inLanguage":"fr-FR"}]}},"_links":{"self":[{"href":"https:\/\/www.promarca.ch\/fr\/wp-json\/wp\/v2\/pages\/4008","targetHints":{"allow":["GET"]}}],"collection":[{"href":"https:\/\/www.promarca.ch\/fr\/wp-json\/wp\/v2\/pages"}],"about":[{"href":"https:\/\/www.promarca.ch\/fr\/wp-json\/wp\/v2\/types\/page"}],"author":[{"embeddable":true,"href":"https:\/\/www.promarca.ch\/fr\/wp-json\/wp\/v2\/users\/1"}],"replies":[{"embeddable":true,"href":"https:\/\/www.promarca.ch\/fr\/wp-json\/wp\/v2\/comments?post=4008"}],"version-history":[{"count":1,"href":"https:\/\/www.promarca.ch\/fr\/wp-json\/wp\/v2\/pages\/4008\/revisions"}],"predecessor-version":[{"id":12224,"href":"https:\/\/www.promarca.ch\/fr\/wp-json\/wp\/v2\/pages\/4008\/revisions\/12224"}],"wp:attachment":[{"href":"https:\/\/www.promarca.ch\/fr\/wp-json\/wp\/v2\/media?parent=4008"}],"curies":[{"name":"wp","href":"https:\/\/api.w.org\/{rel}","templated":true}]}}